{"id":4724,"date":"2020-12-16T13:24:08","date_gmt":"2020-12-16T13:24:08","guid":{"rendered":"https:\/\/sidefolio.liquid-themes.com\/staging\/?page_id=4724"},"modified":"2022-04-11T14:46:51","modified_gmt":"2022-04-11T18:46:51","slug":"about","status":"publish","type":"page","link":"http:\/\/nupixo.com\/lab\/fr\/about\/","title":{"rendered":"\u00c0 propos"},"content":{"rendered":"<section class=\"vc_row vc_custom_1649691677898 liquid-row-shadowbox-69dcb47e11538\"><div class=\"ld-container container\"><div class=\"row ld-row ld-row-outer\"><div class=\"wpb_column vc_column_container vc_col-sm-6 liquid-column-69dcb47e12896\"><div class=\"vc_column-inner\" ><div class=\"wpb_wrapper\"  ><style>@media (min-width: 768px) { .ld_fancy_heading_69dcb47e12a2a h1 {font-size:10vw; }  } @media (min-width: 992px) { .ld_fancy_heading_69dcb47e12a2a h1 {font-size:80px; }  } @media (min-width: 1200px) { .ld_fancy_heading_69dcb47e12a2a h1 {font-size:94px; }  } .ld_fancy_heading_69dcb47e12a2a h1 {line-height:0.95em; } .ld_fancy_heading_69dcb47e12a2a h1 {--element-line-height:0.95em; } @media (min-width: 992px) { .ld_fancy_heading_69dcb47e12a2a h1 {margin-right:-50% !important;  }  } .ld_fancy_heading_69dcb47e12a2a .lqd-highlight-inner{height:0.275em!important;bottom:0px!important;}@media (min-width: 768px) { .ld_fancy_heading_69dcb47e12a2a h1 {font-size:10vw; }  } @media (min-width: 992px) { .ld_fancy_heading_69dcb47e12a2a h1 {font-size:80px; }  } @media (min-width: 1200px) { .ld_fancy_heading_69dcb47e12a2a h1 {font-size:94px; }  } .ld_fancy_heading_69dcb47e12a2a h1 {line-height:0.95em; } .ld_fancy_heading_69dcb47e12a2a h1 {--element-line-height:0.95em; } @media (min-width: 992px) { .ld_fancy_heading_69dcb47e12a2a h1 {margin-right:-50% !important;  }  } <\/style><div class=\"ld-fancy-heading ld_fancy_heading_69dcb47e12a2a\">\n\t<h1 class=\"ld-fh-element lqd-highlight-underline lqd-highlight-grow-left text-decoration-default\"   >  \u00e7a commence ici<\/h1><\/div><style>.ld_fancy_heading_69dcb47e13234 p{color:rgb(0, 0, 0);}.ld_fancy_heading_69dcb47e13234 p {margin-bottom:1.5em !important;  } .ld_fancy_heading_69dcb47e13234 .lqd-highlight-inner{height:0.275em!important;bottom:0px!important;}.ld_fancy_heading_69dcb47e13234 p {margin-bottom:1.5em !important;  } <\/style><div class=\"ld-fancy-heading mask-text ld_fancy_heading_69dcb47e13234\">\n\t<p class=\"ld-fh-element lqd-highlight-underline lqd-highlight-grow-left text-decoration-default lqd-split-lines\"   data-split-text=\"true\" data-split-options='{\"type\":\"lines\"}'>  Nupixo Lab se sp\u00e9cialise dans la r\u00e9alisation du potentiel de votre entreprise dans le domaine num\u00e9rique. Chaque pixel, chaque message et chaque design est destin\u00e9 \u00e0 \u00e9mouvoir quelqu'un.<\/p>\n<p>Entrust us with your branding, designs, concepts, storyboards, illustrations, copywriting, and much more. In return, we&#8217;ll deliver a piece of the story&#8230; a piece of art.<\/p><\/div><div class=\"vc_row vc_inner vc_row-fluid liquid-row-shadowbox-69dcb47e13cf5\"><div class=\"ld-container container-fluid\"><div class=\"row ld-row ld-row-inner\"><div class=\"wpb_column vc_column_container vc_col-sm-12 liquid-column-69dcb47e15218\"><div class=\"vc_column-inner\" ><div class=\"wpb_wrapper\" ><style>.ld_fancy_heading_69dcb47e15381 .lqd-highlight-inner{height:0.275em!important;bottom:0px!important;}<\/style><div class=\"ld-fancy-heading ld_fancy_heading_69dcb47e15381\">\n\t<h1 class=\"ld-fh-element lqd-highlight-underline lqd-highlight-grow-left text-decoration-default\"   >  Dites bonjour d\u00e8s aujourd'hui ! Contactez-nous \u00e0 <a href=\"mailto:hello@nupixo.com\">hello@nupixo.com<\/a>.<\/h1><\/div><\/div><\/div><\/div><\/div><\/div><\/div><\/div><\/div><\/div><div data-row-bg=\"http:\/\/nupixo.com\/lab\/wp-content\/uploads\/2022\/04\/video-player_shadow.png?id=4935\" class=\"wpb_column vc_column_container vc_col-sm-6 liquid-column-69dcb47e15706 vc_col-has-fill lqd-has-bg-markup row-bg-appended\"><div class=\"vc_column-inner justify-content-center vc_custom_1649702147265\" style=\"background-position:center bottom !important;\"><span class=\"row-bg-loader\"><\/span><div class=\"row-bg-wrap\">\n\t\t<div class=\"row-bg-inner\">\n\t\t\t<figure class=\"row-bg\" ><\/figure>\n\t\t<\/div>\n\t<\/div><div class=\"wpb_wrapper\"  >\n\t<div class=\"wpb_text_column wpb_content_element  vc_custom_1649702024489\" >\n\t\t<div class=\"wpb_wrapper\">\n\t\t\t<div style=\"width: 530px;\" class=\"wp-video\"><!--[if lt IE 9]><script>document.createElement('video');<\/script><![endif]-->\n<video class=\"wp-video-shortcode\" id=\"video-4724-1\" width=\"530\" height=\"360\" preload=\"metadata\" controls=\"controls\"><source type=\"video\/mp4\" src=\"http:\/\/nupixo.com\/lab\/wp-content\/uploads\/2022\/04\/reelNUPIXO_v2_office.mp4?_=1\" \/><a href=\"http:\/\/nupixo.com\/lab\/wp-content\/uploads\/2022\/04\/reelNUPIXO_v2_office.mp4\">http:\/\/nupixo.com\/lab\/wp-content\/uploads\/2022\/04\/reelNUPIXO_v2_office.mp4<\/a><\/video><\/div>\n\n\t\t<\/div>\n\t<\/div>\n<\/div><\/div><\/div><\/div><\/div><\/section>","protected":false},"excerpt":{"rendered":"it starts here Nupixo Lab specializes in telling stories. Each pixel, message, or design is meant to move someone. Entrust us with your branding, designs, concepts, storyboards, illustrations, copywriting, and much more. In return, we'll deliver a piece of the story... a piece of art. Say hi today! Reach us at hello@nupixo.com. http:\/\/nupixo.com\/lab\/wp-content\/uploads\/2022\/04\/reelNUPIXO_v2_office.mp4","protected":false},"author":1,"featured_media":0,"parent":0,"menu_order":0,"comment_status":"closed","ping_status":"closed","template":"","meta":{"footnotes":""},"class_list":["post-4724","page","type-page","status-publish","hentry"],"_links":{"self":[{"href":"http:\/\/nupixo.com\/lab\/fr\/wp-json\/wp\/v2\/pages\/4724","targetHints":{"allow":["GET"]}}],"collection":[{"href":"http:\/\/nupixo.com\/lab\/fr\/wp-json\/wp\/v2\/pages"}],"about":[{"href":"http:\/\/nupixo.com\/lab\/fr\/wp-json\/wp\/v2\/types\/page"}],"author":[{"embeddable":true,"href":"http:\/\/nupixo.com\/lab\/fr\/wp-json\/wp\/v2\/users\/1"}],"replies":[{"embeddable":true,"href":"http:\/\/nupixo.com\/lab\/fr\/wp-json\/wp\/v2\/comments?post=4724"}],"version-history":[{"count":39,"href":"http:\/\/nupixo.com\/lab\/fr\/wp-json\/wp\/v2\/pages\/4724\/revisions"}],"predecessor-version":[{"id":4948,"href":"http:\/\/nupixo.com\/lab\/fr\/wp-json\/wp\/v2\/pages\/4724\/revisions\/4948"}],"wp:attachment":[{"href":"http:\/\/nupixo.com\/lab\/fr\/wp-json\/wp\/v2\/media?parent=4724"}],"curies":[{"name":"wp","href":"https:\/\/api.w.org\/{rel}","templated":true}]}}