{"id":5,"date":"2020-01-15T12:03:45","date_gmt":"2020-01-15T12:03:45","guid":{"rendered":"https:\/\/sidefolio.liquid-themes.com\/staging\/?page_id=5"},"modified":"2026-02-26T18:13:35","modified_gmt":"2026-02-26T23:13:35","slug":"sidefolio-homepage","status":"publish","type":"page","link":"http:\/\/nupixo.com\/lab\/fr\/","title":{"rendered":"Sidefolio Homepage"},"content":{"rendered":"<section data-row-bg=\"https:\/\/nupixo.com\/lab\/wp-content\/uploads\/2025\/09\/header-bg.png?id=5058\" style=\"background-position:center top !important;\" data-bg-image=\"url\" class=\"vc_row banner vc_custom_1758813145604 liquid-row-shadowbox-69dcb48896ca0 vc_row-has-fill vc_row-has-bg lqd-has-bg-markup row-bg-appended\"><span class=\"row-bg-loader\"><\/span><div class=\"row-bg-wrap\">\n\t\t<div class=\"row-bg-inner\">\n\t\t\t<figure class=\"row-bg\" ><\/figure>\n\t\t<\/div>\n\t<\/div><div class=\"ld-container container\"><div class=\"row ld-row ld-row-outer vc_row-o-equal-height vc_row-o-content-middle vc_row-flex\"><style>@media (min-width: 992px) { .liquid-column-responsive-69dcb48897da5 > .vc_column-inner {padding-bottom:150px !important;  }  } <\/style><div class=\"z-index-2 wpb_column vc_column_container vc_col-sm-12 vc_col-lg-5 vc_col-md-6 liquid-column-69dcb48897da1 liquid-column-responsive-69dcb48897da5 vc_col-has-fill\"><div class=\"vc_column-inner  vc_custom_1758805302309\" style=\"background-position:right top !important;\"><div class=\"wpb_wrapper\"  data-custom-animations=\"true\" data-ca-options='{\"triggerHandler\":\"inview\",\"animationTarget\":\"all-childs\",\"duration\":\"1600\",\"delay\":\"180\",\"ease\":\"power4.out\",\"direction\":\"forward\",\"initValues\":{\"transformOriginX\":50,\"transformOriginY\":50,\"transformOriginZ\":\"0px\",\"opacity\":0},\"animations\":{\"transformOriginX\":50,\"transformOriginY\":50,\"transformOriginZ\":\"0px\",\"opacity\":1}}'><style>.ld_fancy_heading_69dcb48897f6e h1 {font-size:17vw; } @media (min-width: 768px) { .ld_fancy_heading_69dcb48897f6e h1 {font-size:15vw; }  } @media (min-width: 992px) { .ld_fancy_heading_69dcb48897f6e h1 {font-size:10vw; }  } @media (min-width: 1200px) { .ld_fancy_heading_69dcb48897f6e h1 {font-size:6.5vw; }  } .ld_fancy_heading_69dcb48897f6e h1 {line-height:0.9em; } .ld_fancy_heading_69dcb48897f6e h1 {--element-line-height:0.9em; } .ld_fancy_heading_69dcb48897f6e h1 {font-weight:700; } .ld_fancy_heading_69dcb48897f6e h1 {letter-spacing:-0.05em; } .ld_fancy_heading_69dcb48897f6e h1 {margin-bottom:0.2em !important; margin-left:-0.07em !important;  } .ld_fancy_heading_69dcb48897f6e .lqd-highlight-inner{height:0.275em!important;bottom:0px!important;}.ld_fancy_heading_69dcb48897f6e h1 {font-size:17vw; } @media (min-width: 768px) { .ld_fancy_heading_69dcb48897f6e h1 {font-size:15vw; }  } @media (min-width: 992px) { .ld_fancy_heading_69dcb48897f6e h1 {font-size:10vw; }  } @media (min-width: 1200px) { .ld_fancy_heading_69dcb48897f6e h1 {font-size:6.5vw; }  } .ld_fancy_heading_69dcb48897f6e h1 {line-height:0.9em; } .ld_fancy_heading_69dcb48897f6e h1 {--element-line-height:0.9em; } .ld_fancy_heading_69dcb48897f6e h1 {font-weight:700; } .ld_fancy_heading_69dcb48897f6e h1 {letter-spacing:-0.05em; } .ld_fancy_heading_69dcb48897f6e h1 {margin-bottom:0.2em !important; margin-left:-0.07em !important;  } <\/style><div class=\"ld-fancy-heading ld_fancy_heading_69dcb48897f6e\">\n\t<h1 class=\"ld-fh-element lqd-highlight-underline lqd-highlight-grow-left text-decoration-default lqd-split-lines\"   data-split-text=\"true\" data-split-options='{\"type\":\"lines\"}'>  o\u00f9 chaque pixel raconte une histoire<\/h1><\/div><\/div><\/div><\/div><style>@media (min-width: 768px) { .liquid-column-responsive-69dcb4889867d > .vc_column-inner {margin-top:-40vh !important; margin-left:35vw !important;  }  } @media (min-width: 992px) { .liquid-column-responsive-69dcb4889867d > .vc_column-inner {margin-top:0px !important; margin-left:0px !important;  }  } @media (min-width: 1200px) { .liquid-column-responsive-69dcb4889867d > .vc_column-inner {margin-top:0px !important; padding-top:0px !important; border-top-width:0px !important;  }  } <\/style><div class=\"wpb_column vc_column_container vc_col-sm-12 vc_col-lg-7 vc_col-md-6 liquid-column-69dcb4889867b liquid-column-responsive-69dcb4889867d vc_col-has-fill\"><div class=\"vc_column-inner  vc_custom_1758727953145\" ><div class=\"wpb_wrapper\"  ><style>.ld_particles_69dcb488987c2{height:100vh!important;}<\/style><div class=\"ld-particles-container lqd-particles-as-bg ld_particles_69dcb488987c2\">\n\n\t<div class=\"ld-particles-inner\" id=\"ld-1579696659771-5fc42be0-c0f3\" data-particles=\"true\" data-particles-options='{\"particles\":{\"number\":{\"value\":10,\"density\":1},\"color\":{\"value\":\"#232323\"},\"shape\":{\"type\":[\"polygon\"],\"polygon\":{\"nb_sides\":4}},\"size\":{\"value\":3},\"move\":{\"out_mode\":\"out\"}},\"interactivity\":[],\"retina_detect\":true,\"asBG\":true}'><\/div>\t\n\n<\/div><!-- \/.particles -->\n\t<div  class=\"wpb_single_image wpb_content_element vc_align_  liquid_vc_single_image-69dcb4889b088\">\n\t\t\n\t\t<figure class=\"wpb_wrapper vc_figure\">\n\t\t\t<div class=\"vc_single_image-wrapper\"><img decoding=\"async\" width=\"1080\" height=\"1280\" src=\"https:\/\/nupixo.com\/lab\/wp-content\/uploads\/2022\/04\/showcase_dd-switch.png\" class=\"vc_single_image-img attachment-full\" alt=\"\" title=\"showcase_dd-switch\" srcset=\"https:\/\/nupixo.com\/lab\/wp-content\/uploads\/2022\/04\/showcase_dd-switch.png 1080w, https:\/\/nupixo.com\/lab\/wp-content\/uploads\/2022\/04\/showcase_dd-switch-253x300.png 253w, https:\/\/nupixo.com\/lab\/wp-content\/uploads\/2022\/04\/showcase_dd-switch-864x1024.png 864w, https:\/\/nupixo.com\/lab\/wp-content\/uploads\/2022\/04\/showcase_dd-switch-10x12.png 10w\" sizes=\"(max-width: 1080px) 100vw, 1080px\" itemprop=\"image\" \/><\/div>\n\t\t<\/figure>\n\t<\/div>\n<\/div><\/div><\/div><\/div><\/div><\/section><section class=\"vc_row liquid-row-shadowbox-69dcb4889b2ba\"><div class=\"ld-container container\"><div class=\"row ld-row ld-row-outer\"><div class=\"wpb_column vc_column_container vc_col-sm-12 liquid-column-69dcb4889b44a\"><div class=\"vc_column-inner\" ><div class=\"wpb_wrapper\"  ><style>.ld_spacer_69dcb4889b4e6{height:48px;}<\/style>\n<div class=\"ld-empty-space ld_spacer_69dcb4889b4e6\"><\/div><\/div><\/div><\/div><\/div><\/div><\/section><section class=\"vc_row liquid-row-shadowbox-69dcb4889ba12\"><div class=\"ld-container container\"><div class=\"row ld-row ld-row-outer\"><div class=\"wpb_column vc_column_container vc_col-sm-12 liquid-column-69dcb4889bb8f\"><div class=\"vc_column-inner\" ><div class=\"wpb_wrapper\"  ><style>.ld_fancy_heading_69dcb4889bcc0 .lqd-highlight-inner{height:0.275em!important;bottom:0px!important;}<\/style><div class=\"ld-fancy-heading text-center ld_fancy_heading_69dcb4889bcc0\">\n\t<h2 class=\"ld-fh-element lqd-highlight-underline lqd-highlight-grow-left text-decoration-default\"   >  portfolio<\/h2><\/div><\/div><\/div><\/div><\/div><\/div><\/section><section class=\"vc_row liquid-row-shadowbox-69dcb4889c61a\"><div class=\"ld-container container\"><div class=\"row ld-row ld-row-outer\"><div class=\"wpb_column vc_column_container vc_col-sm-12 liquid-column-69dcb4889c796\"><div class=\"vc_column-inner\" ><div class=\"wpb_wrapper\"  >\n\t<div class=\"wpb_text_column wpb_content_element\" >\n\t\t<div class=\"wpb_wrapper\">\n\t\t\t<div class=\"rl-gallery-container rl-loading\" id=\"rl-gallery-container-1\" data-gallery_id=\"4897\"> <div class=\"rl-gallery rl-basicmasonry-gallery rl-hover-effect-2\" id=\"rl-gallery-1\" data-gallery_no=\"1\"> <div class=\"rl-gutter-sizer\"><\/div><div class=\"rl-grid-sizer\"><\/div> <div class=\"rl-gallery-item rl-gallery-item-width-4\" > <div class=\"rl-gallery-item-content\"> <a href=\"https:\/\/nupixo.com\/lab\/wp-content\/uploads\/2022\/04\/showcase_dd-switch-graphics.png\" title=\"\" data-rl_title=\"\" class=\"rl-gallery-link\" data-rl_caption=\"\" data-rel=\"lightbox-gallery-1\"><img decoding=\"async\" src=\"https:\/\/nupixo.com\/lab\/wp-content\/uploads\/2022\/04\/showcase_dd-switch-graphics.png\" width=\"2400\" height=\"2400\" \/><span class=\"rl-gallery-caption\"><span class=\"rl-gallery-item-title\">Graphismes en pixel art | Detective Di : The Silk Rose Murders<\/span><\/span><\/a> <\/div> <\/div> <div class=\"rl-gallery-item\" > <div class=\"rl-gallery-item-content\"> <a href=\"https:\/\/nupixo.com\/lab\/wp-content\/uploads\/2025\/09\/tumblr_a1ed5e62208007d8a87e3f46adda5223_5bc3f474_1280.jpg\" title=\"\" data-rl_title=\"\" class=\"rl-gallery-link\" data-rl_caption=\"\" data-rel=\"lightbox-gallery-1\"><img decoding=\"async\" src=\"https:\/\/nupixo.com\/lab\/wp-content\/uploads\/2025\/09\/tumblr_a1ed5e62208007d8a87e3f46adda5223_5bc3f474_1280.jpg\" width=\"900\" height=\"620\" \/><span class=\"rl-gallery-caption\"><span class=\"rl-gallery-item-title\">Mobile App Design &#038; Development | Belovy Project<\/span><\/span><\/a> <\/div> <\/div> <div class=\"rl-gallery-item\" > <div class=\"rl-gallery-item-content\"> <a href=\"https:\/\/nupixo.com\/lab\/wp-content\/uploads\/2022\/04\/showcase_horium-web.png\" title=\"\" data-rl_title=\"\" class=\"rl-gallery-link\" data-rl_caption=\"\" data-rel=\"lightbox-gallery-1\"><img decoding=\"async\" src=\"https:\/\/nupixo.com\/lab\/wp-content\/uploads\/2022\/04\/showcase_horium-web.png\" width=\"2400\" height=\"1700\" \/><span class=\"rl-gallery-caption\"><span class=\"rl-gallery-item-title\">Web Design | Les Aliments Horium Foods<\/span><\/span><\/a> <\/div> <\/div> <div class=\"rl-gallery-item\" > <div class=\"rl-gallery-item-content\"> <a href=\"https:\/\/nupixo.com\/lab\/wp-content\/uploads\/2018\/08\/showcase_h2o.png\" title=\"\" data-rl_title=\"\" class=\"rl-gallery-link\" data-rl_caption=\"\" data-rel=\"lightbox-gallery-1\"><img decoding=\"async\" src=\"https:\/\/nupixo.com\/lab\/wp-content\/uploads\/2018\/08\/showcase_h2o.png\" width=\"1240\" height=\"1600\" \/><span class=\"rl-gallery-caption\"><span class=\"rl-gallery-item-title\">Branding | H2O Martial Arts<\/span><\/span><\/a> <\/div> <\/div> <div class=\"rl-gallery-item\" > <div class=\"rl-gallery-item-content\"> <a href=\"https:\/\/nupixo.com\/lab\/wp-content\/uploads\/2022\/04\/tumblr_337ce7ca2ad5b296840ecdb796e9cd21_f118148f_1280.png\" title=\"\" data-rl_title=\"\" class=\"rl-gallery-link\" data-rl_caption=\"\" data-rel=\"lightbox-gallery-1\"><img decoding=\"async\" src=\"https:\/\/nupixo.com\/lab\/wp-content\/uploads\/2022\/04\/tumblr_337ce7ca2ad5b296840ecdb796e9cd21_f118148f_1280.png\" width=\"900\" height=\"620\" \/><span class=\"rl-gallery-caption\"><span class=\"rl-gallery-item-title\">Conception et le d\u00e9veloppement d'applications mobiles | Connect Conference<\/span><\/span><\/a> <\/div> <\/div> <div class=\"rl-gallery-item\" > <div class=\"rl-gallery-item-content\"> <a href=\"https:\/\/nupixo.com\/lab\/wp-content\/uploads\/2022\/04\/showcase_h20-web.png\" title=\"\" data-rl_title=\"\" class=\"rl-gallery-link\" data-rl_caption=\"\" data-rel=\"lightbox-gallery-1\"><img decoding=\"async\" src=\"https:\/\/nupixo.com\/lab\/wp-content\/uploads\/2022\/04\/showcase_h20-web.png\" width=\"1440\" height=\"1020\" \/><span class=\"rl-gallery-caption\"><span class=\"rl-gallery-item-title\">Web Design | H2O Martial Arts<\/span><\/span><\/a> <\/div> <\/div> <div class=\"rl-gallery-item\" > <div class=\"rl-gallery-item-content\"> <a href=\"https:\/\/nupixo.com\/lab\/wp-content\/uploads\/2018\/08\/showcase_logos.png\" title=\"\" data-rl_title=\"\" class=\"rl-gallery-link\" data-rl_caption=\"\" data-rel=\"lightbox-gallery-1\"><img decoding=\"async\" src=\"https:\/\/nupixo.com\/lab\/wp-content\/uploads\/2018\/08\/showcase_logos.png\" width=\"800\" height=\"540\" \/><span class=\"rl-gallery-caption\"><span class=\"rl-gallery-item-title\">Conception de logo | Divers clients<\/span><\/span><\/a> <\/div> <\/div> <div class=\"rl-gallery-item\" > <div class=\"rl-gallery-item-content\"> <a href=\"https:\/\/nupixo.com\/lab\/wp-content\/uploads\/2022\/04\/tumblr_pw6jwttwcg1yu144eo1_1280-1.jpg\" title=\"\" data-rl_title=\"\" class=\"rl-gallery-link\" data-rl_caption=\"\" data-rel=\"lightbox-gallery-1\"><img decoding=\"async\" src=\"https:\/\/nupixo.com\/lab\/wp-content\/uploads\/2022\/04\/tumblr_pw6jwttwcg1yu144eo1_1280-1.jpg\" width=\"650\" height=\"942\" \/><span class=\"rl-gallery-caption\"><span class=\"rl-gallery-item-title\">Print Collateral Designs | Various Clients<\/span><\/span><\/a> <\/div> <\/div> <div class=\"rl-gallery-item\" > <div class=\"rl-gallery-item-content\"> <a href=\"https:\/\/nupixo.com\/lab\/wp-content\/uploads\/2022\/04\/tumblr_271d9da38bd09e9a5aca5878aa283dfa_015d9427_1280.png\" title=\"\" data-rl_title=\"\" class=\"rl-gallery-link\" data-rl_caption=\"\" data-rel=\"lightbox-gallery-1\"><img decoding=\"async\" src=\"https:\/\/nupixo.com\/lab\/wp-content\/uploads\/2022\/04\/tumblr_271d9da38bd09e9a5aca5878aa283dfa_015d9427_1280.png\" width=\"707\" height=\"731\" \/><span class=\"rl-gallery-caption\"><span class=\"rl-gallery-item-title\">Promo Key Art Designs | Various Games<\/span><\/span><\/a> <\/div> <\/div> <div class=\"rl-gallery-item\" > <div class=\"rl-gallery-item-content\"> <a href=\"https:\/\/nupixo.com\/lab\/wp-content\/uploads\/2018\/08\/showcase_ivo-ang.png\" title=\"\" data-rl_title=\"\" class=\"rl-gallery-link\" data-rl_caption=\"\" data-rel=\"lightbox-gallery-1\"><img decoding=\"async\" src=\"https:\/\/nupixo.com\/lab\/wp-content\/uploads\/2018\/08\/showcase_ivo-ang.png\" width=\"1440\" height=\"1020\" \/><span class=\"rl-gallery-caption\"><span class=\"rl-gallery-item-title\">Design Web | Ivoire Angels<\/span><\/span><\/a> <\/div> <\/div> <div class=\"rl-gallery-item\" > <div class=\"rl-gallery-item-content\"> <a href=\"https:\/\/nupixo.com\/lab\/wp-content\/uploads\/2022\/04\/showcase_cogan2.png\" title=\"\" data-rl_title=\"\" class=\"rl-gallery-link\" data-rl_caption=\"\" data-rel=\"lightbox-gallery-1\"><img decoding=\"async\" src=\"https:\/\/nupixo.com\/lab\/wp-content\/uploads\/2022\/04\/showcase_cogan2.png\" width=\"710\" height=\"720\" \/><span class=\"rl-gallery-caption\"><span class=\"rl-gallery-item-title\">Montage vid\u00e9o et Motion Graphics | Cogan Industries<\/span><\/span><\/a> <\/div> <\/div> <div class=\"rl-gallery-item\" > <div class=\"rl-gallery-item-content\"> <a href=\"https:\/\/nupixo.com\/lab\/wp-content\/uploads\/2022\/04\/showcase_giveback-web.png\" title=\"\" data-rl_title=\"\" class=\"rl-gallery-link\" data-rl_caption=\"\" data-rel=\"lightbox-gallery-1\"><img decoding=\"async\" src=\"https:\/\/nupixo.com\/lab\/wp-content\/uploads\/2022\/04\/showcase_giveback-web.png\" width=\"1440\" height=\"1020\" \/><span class=\"rl-gallery-caption\"><span class=\"rl-gallery-item-title\">Web Design | Giveback Nutrition<\/span><\/span><\/a> <\/div> <\/div> <div class=\"rl-gallery-item\" > <div class=\"rl-gallery-item-content\"> <a href=\"https:\/\/nupixo.com\/lab\/wp-content\/uploads\/2022\/04\/showcase_scene-sketches.png\" title=\"\" data-rl_title=\"\" class=\"rl-gallery-link\" data-rl_caption=\"\" data-rel=\"lightbox-gallery-1\"><img decoding=\"async\" src=\"https:\/\/nupixo.com\/lab\/wp-content\/uploads\/2022\/04\/showcase_scene-sketches.png\" width=\"970\" height=\"1335\" \/><span class=\"rl-gallery-caption\"><span class=\"rl-gallery-item-title\">Concept art | Detective Di : The Silk Rose Murders<\/span><\/span><\/a> <\/div> <\/div> <div class=\"rl-gallery-item\" > <div class=\"rl-gallery-item-content\"> <a href=\"https:\/\/nupixo.com\/lab\/wp-content\/uploads\/2022\/04\/port_screens_colori-2.png\" title=\"\" data-rl_title=\"\" class=\"rl-gallery-link\" data-rl_caption=\"\" data-rel=\"lightbox-gallery-1\"><img decoding=\"async\" src=\"https:\/\/nupixo.com\/lab\/wp-content\/uploads\/2022\/04\/port_screens_colori-2.png\" width=\"710\" height=\"720\" \/><span class=\"rl-gallery-caption\"><span class=\"rl-gallery-item-title\">Web Design | Colori<\/span><\/span><\/a> <\/div> <\/div> <div class=\"rl-gallery-item\" > <div class=\"rl-gallery-item-content\"> <a href=\"https:\/\/nupixo.com\/lab\/wp-content\/uploads\/2022\/04\/ks_duology_v1-1.png\" title=\"\" data-rl_title=\"\" class=\"rl-gallery-link\" data-rl_caption=\"\" data-rel=\"lightbox-gallery-1\"><img decoding=\"async\" src=\"https:\/\/nupixo.com\/lab\/wp-content\/uploads\/2022\/04\/ks_duology_v1-1.png\" width=\"1000\" height=\"753\" \/><span class=\"rl-gallery-caption\"><span class=\"rl-gallery-item-title\">Book Cover Design | Young Judge Dee Series<\/span><\/span><\/a> <\/div> <\/div> <div class=\"rl-gallery-item\" > <div class=\"rl-gallery-item-content\"> <a href=\"https:\/\/nupixo.com\/lab\/wp-content\/uploads\/2022\/04\/showcase_biomed-media-web.png\" title=\"\" data-rl_title=\"\" class=\"rl-gallery-link\" data-rl_caption=\"\" data-rel=\"lightbox-gallery-1\"><img decoding=\"async\" src=\"https:\/\/nupixo.com\/lab\/wp-content\/uploads\/2022\/04\/showcase_biomed-media-web.png\" width=\"824\" height=\"584\" \/><span class=\"rl-gallery-caption\"><span class=\"rl-gallery-item-title\">Web Design | Biomed Media<\/span><\/span><\/a> <\/div> <\/div> <div class=\"rl-gallery-item\" > <div class=\"rl-gallery-item-content\"> <a href=\"https:\/\/nupixo.com\/lab\/wp-content\/uploads\/2022\/04\/showcase_dd-cn-logo.png\" title=\"\" data-rl_title=\"\" class=\"rl-gallery-link\" data-rl_caption=\"\" data-rel=\"lightbox-gallery-1\"><img decoding=\"async\" src=\"https:\/\/nupixo.com\/lab\/wp-content\/uploads\/2022\/04\/showcase_dd-cn-logo.png\" width=\"1260\" height=\"900\" \/><span class=\"rl-gallery-caption\"><span class=\"rl-gallery-item-title\">Logo avec calligraphie | Detective Di : The Silk Rose Murders<\/span><\/span><\/a> <\/div> <\/div> <div class=\"rl-gallery-item\" > <div class=\"rl-gallery-item-content\"> <a href=\"https:\/\/nupixo.com\/lab\/wp-content\/uploads\/2022\/04\/sotn_collage-with-grey-bg-1.png\" title=\"\" data-rl_title=\"\" class=\"rl-gallery-link\" data-rl_caption=\"\" data-rel=\"lightbox-gallery-1\"><img decoding=\"async\" src=\"https:\/\/nupixo.com\/lab\/wp-content\/uploads\/2022\/04\/sotn_collage-with-grey-bg-1.png\" width=\"1920\" height=\"1440\" \/><span class=\"rl-gallery-caption\"><span class=\"rl-gallery-item-title\">UI\/UX Design | Shadow of the Ninja<\/span><\/span><\/a> <\/div> <\/div> <div class=\"rl-gallery-item\" > <div class=\"rl-gallery-item-content\"> <a href=\"https:\/\/nupixo.com\/lab\/wp-content\/uploads\/2018\/08\/showcase_making-of-detective-di.png\" title=\"\" data-rl_title=\"\" class=\"rl-gallery-link\" data-rl_caption=\"\" data-rel=\"lightbox-gallery-1\"><img decoding=\"async\" src=\"https:\/\/nupixo.com\/lab\/wp-content\/uploads\/2018\/08\/showcase_making-of-detective-di.png\" width=\"1480\" height=\"1820\" \/><span class=\"rl-gallery-caption\"><span class=\"rl-gallery-item-title\">Cover Art Designs | Detective Di: The Silk Rose Murders<\/span><\/span><\/a> <\/div> <\/div> <div class=\"rl-gallery-item\" > <div class=\"rl-gallery-item-content\"> <a href=\"https:\/\/nupixo.com\/lab\/wp-content\/uploads\/2022\/04\/facility-z2_collage-1.png\" title=\"\" data-rl_title=\"\" class=\"rl-gallery-link\" data-rl_caption=\"\" data-rel=\"lightbox-gallery-1\"><img decoding=\"async\" src=\"https:\/\/nupixo.com\/lab\/wp-content\/uploads\/2022\/04\/facility-z2_collage-1.png\" width=\"1920\" height=\"1440\" \/><span class=\"rl-gallery-caption\"><span class=\"rl-gallery-item-title\">UI\/UX Design | Shadow of the Ninja 2<\/span><\/span><\/a> <\/div> <\/div> <\/div> <\/div>\n\n\t\t<\/div>\n\t<\/div>\n<\/div><\/div><\/div><\/div><\/div><\/section><section class=\"vc_row liquid-row-shadowbox-69dcb488a70c6\"><div class=\"ld-container container\"><div class=\"row ld-row ld-row-outer\"><div class=\"wpb_column vc_column_container vc_col-sm-12 liquid-column-69dcb488a723e\"><div class=\"vc_column-inner\" ><div class=\"wpb_wrapper\"  ><style>.ld_spacer_69dcb488a72c9{height:48px;}<\/style>\n<div class=\"ld-empty-space ld_spacer_69dcb488a72c9\"><\/div><\/div><\/div><\/div><\/div><\/div><\/section><section class=\"vc_row liquid-row-shadowbox-69dcb488a7401\"><div class=\"ld-container container\"><div class=\"row ld-row ld-row-outer\"><div class=\"wpb_column vc_column_container vc_col-sm-12 liquid-column-69dcb488a754c\"><div class=\"vc_column-inner\" ><div class=\"wpb_wrapper\"  ><style>.ld_fancy_heading_69dcb488a7680 .lqd-highlight-inner{height:0.275em!important;bottom:0px!important;}<\/style><div class=\"ld-fancy-heading text-center ld_fancy_heading_69dcb488a7680\">\n\t<h2 class=\"ld-fh-element lqd-highlight-underline lqd-highlight-grow-left text-decoration-default\"   >  about<\/h2><\/div><\/div><\/div><\/div><\/div><\/div><\/section><section class=\"vc_row liquid-row-shadowbox-69dcb488a82af\"><div class=\"ld-container container\"><div class=\"row ld-row ld-row-outer\"><div class=\"wpb_column vc_column_container vc_col-sm-6 liquid-column-69dcb488a8433\"><div class=\"vc_column-inner\" ><div class=\"wpb_wrapper\"  ><div class=\"vc_row vc_inner vc_row-fluid liquid-row-shadowbox-69dcb488a8c74\"><div class=\"ld-container container-fluid\"><div class=\"row ld-row ld-row-inner\"><div class=\"wpb_column vc_column_container vc_col-sm-12 liquid-column-69dcb488a9740\"><div class=\"vc_column-inner\" ><div class=\"wpb_wrapper\" ><style>.ld_fancy_heading_69dcb488a988b .lqd-highlight-inner{height:0.275em!important;bottom:0px!important;}<\/style><div class=\"ld-fancy-heading ld_fancy_heading_69dcb488a988b\">\n\t<h4 class=\"ld-fh-element lqd-highlight-underline lqd-highlight-grow-left text-decoration-default\"   >  \u00e7a commence ici<\/h4><\/div><style>.ld_fancy_heading_69dcb488a9d94 .lqd-highlight-inner{height:0.275em!important;bottom:0px!important;}<\/style><div class=\"ld-fancy-heading ld_fancy_heading_69dcb488a9d94\">\n\t<p class=\"ld-fh-element lqd-highlight-underline lqd-highlight-grow-left text-decoration-default\"   >  Nupixo Lab se sp\u00e9cialise dans la r\u00e9alisation du potentiel de votre entreprise dans le domaine num\u00e9rique. Chaque pixel, chaque message et chaque design est destin\u00e9 \u00e0 \u00e9mouvoir quelqu'un.<\/p>\n<p>Confiez-nous votre image de marque, vos designs, vos concepts, vos story-boards, vos illustrations, votre r\u00e9daction, votre codage et bien plus encore. En retour, nous vous livrerons une partie de l'histoire... votre histoire.<\/p><\/div><style>.ld_fancy_heading_69dcb488a9f4a .lqd-highlight-inner{height:0.275em!important;bottom:0px!important;}<\/style><div class=\"ld-fancy-heading ld_fancy_heading_69dcb488a9f4a\">\n\t<p class=\"ld-fh-element lqd-highlight-underline lqd-highlight-grow-left text-decoration-default\"   >  <strong>Say hi today! Drop us a line at <a href=\"mailto:hello@nupixo.com\">hello@nupixo.com<\/a>.<\/strong><\/p><\/div><\/div><\/div><\/div><\/div><\/div><\/div><\/div><\/div><\/div><div class=\"wpb_column vc_column_container vc_col-sm-6 liquid-column-69dcb488aa211 vc_col-has-fill\"><div class=\"vc_column-inner justify-content-center vc_custom_1649705727841\" style=\"background-position:center bottom !important;\"><div class=\"wpb_wrapper\"  >\n\t<div class=\"wpb_text_column wpb_content_element  vc_custom_1649705758633\" >\n\t\t<div class=\"wpb_wrapper\">\n\t\t\t<div style=\"width: 530px;\" class=\"wp-video\"><!--[if lt IE 9]><script>document.createElement('video');<\/script><![endif]-->\n<video class=\"wp-video-shortcode\" id=\"video-5-1\" width=\"530\" height=\"360\" poster=\"http:\/\/nupixo.com\/lab\/wp-content\/uploads\/2022\/04\/nupixo-lab_logo_demo-reel_720p.png\" preload=\"metadata\" controls=\"controls\"><source type=\"video\/mp4\" src=\"http:\/\/nupixo.com\/lab\/wp-content\/uploads\/2022\/04\/reelNUPIXO_v2_office.mp4?_=1\" \/><a href=\"http:\/\/nupixo.com\/lab\/wp-content\/uploads\/2022\/04\/reelNUPIXO_v2_office.mp4\">http:\/\/nupixo.com\/lab\/wp-content\/uploads\/2022\/04\/reelNUPIXO_v2_office.mp4<\/a><\/video><\/div>\n\n\t\t<\/div>\n\t<\/div>\n<\/div><\/div><\/div><\/div><\/div><\/section><section class=\"vc_section\"><\/section>","protected":false},"excerpt":{"rendered":"where every pixel tells a story portfolio Pixel art graphics | Detective Di: The Silk Rose Murders Mobile App Design &#038; Development | Belovy Project Web Design | Les Aliments Horium Foods Branding | H2O Martial Arts Mobile App Design &#038; Development | Connect Conference Web Design | H2O Martial Arts Logo Design | Various [...]","protected":false},"author":1,"featured_media":0,"parent":0,"menu_order":0,"comment_status":"closed","ping_status":"closed","template":"","meta":{"footnotes":""},"class_list":["post-5","page","type-page","status-publish","hentry"],"_links":{"self":[{"href":"http:\/\/nupixo.com\/lab\/fr\/wp-json\/wp\/v2\/pages\/5","targetHints":{"allow":["GET"]}}],"collection":[{"href":"http:\/\/nupixo.com\/lab\/fr\/wp-json\/wp\/v2\/pages"}],"about":[{"href":"http:\/\/nupixo.com\/lab\/fr\/wp-json\/wp\/v2\/types\/page"}],"author":[{"embeddable":true,"href":"http:\/\/nupixo.com\/lab\/fr\/wp-json\/wp\/v2\/users\/1"}],"replies":[{"embeddable":true,"href":"http:\/\/nupixo.com\/lab\/fr\/wp-json\/wp\/v2\/comments?post=5"}],"version-history":[{"count":82,"href":"http:\/\/nupixo.com\/lab\/fr\/wp-json\/wp\/v2\/pages\/5\/revisions"}],"predecessor-version":[{"id":5091,"href":"http:\/\/nupixo.com\/lab\/fr\/wp-json\/wp\/v2\/pages\/5\/revisions\/5091"}],"wp:attachment":[{"href":"http:\/\/nupixo.com\/lab\/fr\/wp-json\/wp\/v2\/media?parent=5"}],"curies":[{"name":"wp","href":"https:\/\/api.w.org\/{rel}","templated":true}]}}